{"id":761,"date":"2018-08-31T14:48:07","date_gmt":"2018-08-31T17:48:07","guid":{"rendered":"https:\/\/cs1faa-sjn.infd.edu.ar\/sitio\/docentes\/"},"modified":"2020-05-26T21:31:23","modified_gmt":"2020-05-27T00:31:23","slug":"docentes","status":"publish","type":"page","link":"https:\/\/cs1faa-sjn.infd.edu.ar\/sitio\/docentes\/","title":{"rendered":"Docentes"},"content":{"rendered":"<p>&nbsp;<\/p>\n<p style=\"padding-left: 30px; text-align: center;\"><strong>EQUIPO DOCENTE<\/strong><\/p>\n<p style=\"padding-left: 30px; text-align: center;\">Prof. Mario Barros<br \/>\nProf. El\u00edas Claudia<br \/>\nProf. Ferro Judit<br \/>\nProf. Fern\u00e1ndez Carolina<br \/>\nProf. Mesa Victor<br \/>\nProf. Pitta Sonia<br \/>\nProf. Perez Marisa<br \/>\nProf. Rodr\u00edguez Jos\u00e9 Luis<br \/>\nProf. Rodr\u00edguez Melina<br \/>\nProf. Soria Graciela<br \/>\nProf. Soria Donatila<br \/>\nProf. Varas Valeria<\/p>\n<p style=\"padding-left: 30px; text-align: center;\"><strong>BEDEL<\/strong><br \/>\nProf. Nasso Nerina<\/p>\n","protected":false},"excerpt":{"rendered":"<p>&nbsp; EQUIPO DOCENTE Prof. Mario Barros Prof. El\u00edas Claudia Prof. Ferro Judit Prof. Fern\u00e1ndez Carolina Prof. Mesa Victor Prof. Pitta Sonia Prof. Perez Marisa Prof. Rodr\u00edguez Jos\u00e9 Luis Prof. Rodr\u00edguez Melina Prof. Soria Graciela Prof. Soria Donatila Prof. Varas Valeria BEDEL Prof. Nasso Nerina<\/p>\n","protected":false},"author":15,"featured_media":0,"parent":0,"menu_order":0,"comment_status":"closed","ping_status":"closed","template":"","meta":[],"acf":[],"_links":{"self":[{"href":"https:\/\/cs1faa-sjn.infd.edu.ar\/sitio\/wp-json\/wp\/v2\/pages\/761"}],"collection":[{"href":"https:\/\/cs1faa-sjn.infd.edu.ar\/sitio\/wp-json\/wp\/v2\/pages"}],"about":[{"href":"https:\/\/cs1faa-sjn.infd.edu.ar\/sitio\/wp-json\/wp\/v2\/types\/page"}],"author":[{"embeddable":true,"href":"https:\/\/cs1faa-sjn.infd.edu.ar\/sitio\/wp-json\/wp\/v2\/users\/15"}],"replies":[{"embeddable":true,"href":"https:\/\/cs1faa-sjn.infd.edu.ar\/sitio\/wp-json\/wp\/v2\/comments?post=761"}],"version-history":[{"count":4,"href":"https:\/\/cs1faa-sjn.infd.edu.ar\/sitio\/wp-json\/wp\/v2\/pages\/761\/revisions"}],"predecessor-version":[{"id":907,"href":"https:\/\/cs1faa-sjn.infd.edu.ar\/sitio\/wp-json\/wp\/v2\/pages\/761\/revisions\/907"}],"wp:attachment":[{"href":"https:\/\/cs1faa-sjn.infd.edu.ar\/sitio\/wp-json\/wp\/v2\/media?parent=761"}],"curies":[{"name":"wp","href":"https:\/\/api.w.org\/{rel}","templated":true}]}}