{"id":759,"date":"2018-08-31T14:48:07","date_gmt":"2018-08-31T17:48:07","guid":{"rendered":"https:\/\/cs1faa-sjn.infd.edu.ar\/sitio\/datos-institucionales\/"},"modified":"2020-05-26T20:53:00","modified_gmt":"2020-05-26T23:53:00","slug":"datos-institucionales","status":"publish","type":"page","link":"https:\/\/cs1faa-sjn.infd.edu.ar\/sitio\/datos-institucionales\/","title":{"rendered":"Datos institucionales"},"content":{"rendered":"<blockquote>\n<p style=\"text-align: center;\"><span style=\"font-family: verdana; font-size: 10pt;\"><span style=\"font-family: verdana;\"><span style=\"font-size: 10pt;\"><b>Instituto Superior de <\/b><\/span><span style=\"font-size: 13.3333px;\"><b>Formaci\u00f3n<\/b><\/span><span style=\"font-size: 10pt;\"><b>\u00a0Docente COLEGIO SUPERIOR N\u00b01 FUERZA A\u00c9REA ARGENTINA<\/b><\/span><\/span><\/span><\/p>\n<ul>\n<li><span style=\"font-family: verdana; font-size: 10pt;\">Horarios de atenci\u00f3n<\/span> : 18 hs a 23,30hs<\/li>\n<li><span style=\"font-family: verdana; font-size: 10pt;\">Direcci\u00f3n: Mitre y Guemes<\/span><\/li>\n<li><span style=\"font-family: verdana; font-size: 10pt;\">Tel\u00e9fonos:549-026464307994<\/span><\/li>\n<li><span style=\"font-family: verdana; font-size: 10pt;\">E-mail de consultas: marovega@sanjuan.edu.ar<\/span><\/li>\n<li><span style=\"font-family: verdana; font-size: 10pt;\">URL<\/span><\/li>\n<\/ul>\n<\/blockquote>\n","protected":false},"excerpt":{"rendered":"<p>Instituto Superior de Formaci\u00f3n\u00a0Docente COLEGIO SUPERIOR N\u00b01 FUERZA A\u00c9REA ARGENTINA Horarios de atenci\u00f3n : 18 hs a 23,30hs Direcci\u00f3n: Mitre y Guemes Tel\u00e9fonos:549-026464307994 E-mail de consultas: marovega@sanjuan.edu.ar URL<\/p>\n","protected":false},"author":15,"featured_media":0,"parent":0,"menu_order":0,"comment_status":"closed","ping_status":"closed","template":"","meta":[],"acf":[],"_links":{"self":[{"href":"https:\/\/cs1faa-sjn.infd.edu.ar\/sitio\/wp-json\/wp\/v2\/pages\/759"}],"collection":[{"href":"https:\/\/cs1faa-sjn.infd.edu.ar\/sitio\/wp-json\/wp\/v2\/pages"}],"about":[{"href":"https:\/\/cs1faa-sjn.infd.edu.ar\/sitio\/wp-json\/wp\/v2\/types\/page"}],"author":[{"embeddable":true,"href":"https:\/\/cs1faa-sjn.infd.edu.ar\/sitio\/wp-json\/wp\/v2\/users\/15"}],"replies":[{"embeddable":true,"href":"https:\/\/cs1faa-sjn.infd.edu.ar\/sitio\/wp-json\/wp\/v2\/comments?post=759"}],"version-history":[{"count":2,"href":"https:\/\/cs1faa-sjn.infd.edu.ar\/sitio\/wp-json\/wp\/v2\/pages\/759\/revisions"}],"predecessor-version":[{"id":902,"href":"https:\/\/cs1faa-sjn.infd.edu.ar\/sitio\/wp-json\/wp\/v2\/pages\/759\/revisions\/902"}],"wp:attachment":[{"href":"https:\/\/cs1faa-sjn.infd.edu.ar\/sitio\/wp-json\/wp\/v2\/media?parent=759"}],"curies":[{"name":"wp","href":"https:\/\/api.w.org\/{rel}","templated":true}]}}