{"id":733,"date":"2018-08-31T14:48:00","date_gmt":"2018-08-31T17:48:00","guid":{"rendered":"https:\/\/cs1faa-sjn.infd.edu.ar\/sitio\/investigacion\/"},"modified":"2020-05-27T09:40:10","modified_gmt":"2020-05-27T12:40:10","slug":"investigacion","status":"publish","type":"page","link":"https:\/\/cs1faa-sjn.infd.edu.ar\/sitio\/investigacion\/","title":{"rendered":"Investigaci\u00f3n"},"content":{"rendered":"<p><span style=\"font-family: Verdana; font-size: small;\">El Instituto est\u00e1 organizando distintas actividades de Investigaci\u00f3n. Las mismas cuentan con la participaci\u00f3n de docentes y especialistas de todas las \u00e1reas.<\/span><\/p>\n<p align=\"justify\"><span style=\"font-family: Verdana; font-size: small;\">Investigadores de distintas instituciones (Institutos Superiores de Formaci\u00f3n Docente, Universidades, Escuelas)\u00a0ejecutaron\u00a0 y ejecutan\u00a0proyectos que apuntan a reflexionar e incidir\u00a0sobre la pr\u00e1ctica docente.<\/span><\/p>\n<p align=\"justify\"><span style=\"font-family: Verdana; font-size: small;\"><strong>Investigaciones disponibles para la consulta:<\/strong><\/span><\/p>\n<ul>\n<li>\n<div align=\"justify\"><span style=\"font-family: Verdana; font-size: small;\">Fern\u00e1ndez, A. Guti\u00e9rrez, J. y otros. <strong>\u00abPensar la historia antigua y medieval. Una propuesta para la escuela media\u00bb.<\/strong><\/span><\/div>\n<\/li>\n<li>\n<div align=\"justify\"><span style=\"font-family: Verdana; font-size: small;\">Alvarez, C. y Prez,\u00a0 J. <strong>\u00abFundamentaci\u00f3n de los derechos humanos desde la \u00e9tica del discurso\u00bb.<\/strong><\/span><\/div>\n<\/li>\n<\/ul>\n","protected":false},"excerpt":{"rendered":"<p>El Instituto est\u00e1 organizando distintas actividades de Investigaci\u00f3n. Las mismas cuentan con la participaci\u00f3n de docentes y especialistas de todas las \u00e1reas. Investigadores de distintas instituciones (Institutos Superiores de Formaci\u00f3n Docente, Universidades, Escuelas)\u00a0ejecutaron\u00a0 y ejecutan\u00a0proyectos que apuntan a reflexionar e incidir\u00a0sobre la pr\u00e1ctica docente. Investigaciones disponibles para la consulta: Fern\u00e1ndez, A. Guti\u00e9rrez, J. y otros. &#8230; <a title=\"Investigaci\u00f3n\" class=\"read-more\" href=\"https:\/\/cs1faa-sjn.infd.edu.ar\/sitio\/investigacion\/\" aria-label=\"More on Investigaci\u00f3n\">[+]<\/a><\/p>\n","protected":false},"author":15,"featured_media":0,"parent":0,"menu_order":0,"comment_status":"closed","ping_status":"closed","template":"","meta":[],"acf":[],"_links":{"self":[{"href":"https:\/\/cs1faa-sjn.infd.edu.ar\/sitio\/wp-json\/wp\/v2\/pages\/733"}],"collection":[{"href":"https:\/\/cs1faa-sjn.infd.edu.ar\/sitio\/wp-json\/wp\/v2\/pages"}],"about":[{"href":"https:\/\/cs1faa-sjn.infd.edu.ar\/sitio\/wp-json\/wp\/v2\/types\/page"}],"author":[{"embeddable":true,"href":"https:\/\/cs1faa-sjn.infd.edu.ar\/sitio\/wp-json\/wp\/v2\/users\/15"}],"replies":[{"embeddable":true,"href":"https:\/\/cs1faa-sjn.infd.edu.ar\/sitio\/wp-json\/wp\/v2\/comments?post=733"}],"version-history":[{"count":1,"href":"https:\/\/cs1faa-sjn.infd.edu.ar\/sitio\/wp-json\/wp\/v2\/pages\/733\/revisions"}],"predecessor-version":[{"id":935,"href":"https:\/\/cs1faa-sjn.infd.edu.ar\/sitio\/wp-json\/wp\/v2\/pages\/733\/revisions\/935"}],"wp:attachment":[{"href":"https:\/\/cs1faa-sjn.infd.edu.ar\/sitio\/wp-json\/wp\/v2\/media?parent=733"}],"curies":[{"name":"wp","href":"https:\/\/api.w.org\/{rel}","templated":true}]}}