{"id":731,"date":"2018-08-31T14:48:00","date_gmt":"2018-08-31T17:48:00","guid":{"rendered":"https:\/\/cs1faa-sjn.infd.edu.ar\/sitio\/informacion-para-alumnos\/"},"modified":"2020-05-28T10:00:52","modified_gmt":"2020-05-28T13:00:52","slug":"informacion-para-alumnos","status":"publish","type":"page","link":"https:\/\/cs1faa-sjn.infd.edu.ar\/sitio\/informacion-para-alumnos\/","title":{"rendered":"Informaci\u00f3n para alumnos"},"content":{"rendered":"<p>&nbsp;<\/p>\n<ul>\n<li><a href=\"https:\/\/drive.google.com\/file\/d\/1xcQupA3HzRrwSqOWjnZQQb5JBURwuAIa\/view?usp=sharing\"><span style=\"font-family: verdana,geneva; font-size: small;\">Condiciones de regularidad <\/span><\/a><\/li>\n<li><span style=\"font-family: verdana,geneva; font-size: small;\">Reincorporaciones <\/span><\/li>\n<li><span style=\"font-family: verdana,geneva; font-size: small;\">Inscripci\u00f3n en a\u00f1os subsiguientes<\/span><\/li>\n<li><span style=\"font-family: arial,helvetica,sans-serif;\"><span style=\"font-size: small;\"><span style=\"font-family: verdana,geneva;\">Normativas generales, <\/span><\/span><\/span><\/li>\n<li><span style=\"font-family: arial,helvetica,sans-serif;\"><span style=\"font-size: small;\"><span style=\"font-family: verdana,geneva;\">Reglamento org\u00e1nico,<\/span><\/span><\/span><\/li>\n<li><span style=\"font-family: arial,helvetica,sans-serif;\"><span style=\"font-size: small;\"><span style=\"font-family: verdana,geneva;\">Becas.<\/span><br \/>\n<\/span><\/span><\/li>\n<\/ul>\n","protected":false},"excerpt":{"rendered":"<p>&nbsp; Condiciones de regularidad Reincorporaciones Inscripci\u00f3n en a\u00f1os subsiguientes Normativas generales, Reglamento org\u00e1nico, Becas.<\/p>\n","protected":false},"author":15,"featured_media":0,"parent":0,"menu_order":0,"comment_status":"closed","ping_status":"closed","template":"","meta":[],"acf":[],"_links":{"self":[{"href":"https:\/\/cs1faa-sjn.infd.edu.ar\/sitio\/wp-json\/wp\/v2\/pages\/731"}],"collection":[{"href":"https:\/\/cs1faa-sjn.infd.edu.ar\/sitio\/wp-json\/wp\/v2\/pages"}],"about":[{"href":"https:\/\/cs1faa-sjn.infd.edu.ar\/sitio\/wp-json\/wp\/v2\/types\/page"}],"author":[{"embeddable":true,"href":"https:\/\/cs1faa-sjn.infd.edu.ar\/sitio\/wp-json\/wp\/v2\/users\/15"}],"replies":[{"embeddable":true,"href":"https:\/\/cs1faa-sjn.infd.edu.ar\/sitio\/wp-json\/wp\/v2\/comments?post=731"}],"version-history":[{"count":3,"href":"https:\/\/cs1faa-sjn.infd.edu.ar\/sitio\/wp-json\/wp\/v2\/pages\/731\/revisions"}],"predecessor-version":[{"id":946,"href":"https:\/\/cs1faa-sjn.infd.edu.ar\/sitio\/wp-json\/wp\/v2\/pages\/731\/revisions\/946"}],"wp:attachment":[{"href":"https:\/\/cs1faa-sjn.infd.edu.ar\/sitio\/wp-json\/wp\/v2\/media?parent=731"}],"curies":[{"name":"wp","href":"https:\/\/api.w.org\/{rel}","templated":true}]}}